{"id":672,"date":"2023-03-08T09:01:39","date_gmt":"2023-03-08T08:01:39","guid":{"rendered":"https:\/\/scammed.dk\/foraeldre\/?page_id=672"},"modified":"2024-09-04T13:21:08","modified_gmt":"2024-09-04T11:21:08","slug":"cookies","status":"publish","type":"page","link":"https:\/\/scammed.dk\/foraeldre\/cookies\/","title":{"rendered":"Cookies"},"content":{"rendered":"","protected":false},"excerpt":{"rendered":"","protected":false},"author":12,"featured_media":0,"parent":0,"menu_order":0,"comment_status":"closed","ping_status":"closed","template":"","meta":{"_acf_changed":false,"inline_featured_image":false,"footnotes":""},"class_list":["post-672","page","type-page","status-publish","hentry"],"acf":[],"yoast_head":"<!-- This site is optimized with the Yoast SEO plugin v27.4 - https:\/\/yoast.com\/product\/yoast-seo-wordpress\/ -->\n<title>Cookies - SCAMMED.dk for for\u00e6ldre<\/title>\n<meta name=\"description\" content=\"L\u00e6s her om vores brug af cookies og hvordan vi indsamler data p\u00e5 Scammed.dk.\" \/>\n<meta name=\"robots\" content=\"index, follow, max-snippet:-1, max-image-preview:large, max-video-preview:-1\" \/>\n<link rel=\"canonical\" href=\"https:\/\/scammed.dk\/foraeldre\/cookies\/\" \/>\n<meta property=\"og:locale\" content=\"da_DK\" \/>\n<meta property=\"og:type\" content=\"article\" \/>\n<meta property=\"og:title\" content=\"Cookies - SCAMMED.dk for for\u00e6ldre\" \/>\n<meta property=\"og:description\" content=\"L\u00e6s her om vores brug af cookies og hvordan vi indsamler data p\u00e5 Scammed.dk.\" \/>\n<meta property=\"og:url\" content=\"https:\/\/scammed.dk\/foraeldre\/cookies\/\" \/>\n<meta property=\"og:site_name\" content=\"SCAMMED.dk for for\u00e6ldre\" \/>\n<meta property=\"article:modified_time\" content=\"2024-09-04T11:21:08+00:00\" \/>\n<meta name=\"twitter:card\" content=\"summary_large_image\" \/>\n<meta name=\"twitter:label1\" content=\"Estimeret l\u00e6setid\" \/>\n\t<meta name=\"twitter:data1\" content=\"2 minutter\" \/>\n<script type=\"application\/ld+json\" class=\"yoast-schema-graph\">{\"@context\":\"https:\\\/\\\/schema.org\",\"@graph\":[{\"@type\":\"WebPage\",\"@id\":\"https:\\\/\\\/scammed.dk\\\/foraeldre\\\/cookies\\\/\",\"url\":\"https:\\\/\\\/scammed.dk\\\/foraeldre\\\/cookies\\\/\",\"name\":\"Cookies - SCAMMED.dk for for\u00e6ldre\",\"isPartOf\":{\"@id\":\"https:\\\/\\\/scammed.dk\\\/foraeldre\\\/#website\"},\"datePublished\":\"2023-03-08T08:01:39+00:00\",\"dateModified\":\"2024-09-04T11:21:08+00:00\",\"description\":\"L\u00e6s her om vores brug af cookies og hvordan vi indsamler data p\u00e5 Scammed.dk.\",\"breadcrumb\":{\"@id\":\"https:\\\/\\\/scammed.dk\\\/foraeldre\\\/cookies\\\/#breadcrumb\"},\"inLanguage\":\"da-DK\",\"potentialAction\":[{\"@type\":\"ReadAction\",\"target\":[\"https:\\\/\\\/scammed.dk\\\/foraeldre\\\/cookies\\\/\"]}]},{\"@type\":\"BreadcrumbList\",\"@id\":\"https:\\\/\\\/scammed.dk\\\/foraeldre\\\/cookies\\\/#breadcrumb\",\"itemListElement\":[{\"@type\":\"ListItem\",\"position\":1,\"name\":\"Hjem\",\"item\":\"https:\\\/\\\/scammed.dk\\\/foraeldre\\\/\"},{\"@type\":\"ListItem\",\"position\":2,\"name\":\"Cookies\"}]},{\"@type\":\"WebSite\",\"@id\":\"https:\\\/\\\/scammed.dk\\\/foraeldre\\\/#website\",\"url\":\"https:\\\/\\\/scammed.dk\\\/foraeldre\\\/\",\"name\":\"SCAMMED.dk\",\"description\":\"Alt du skal vide om gaming, trading og skins\",\"publisher\":{\"@id\":\"https:\\\/\\\/scammed.dk\\\/foraeldre\\\/#organization\"},\"potentialAction\":[{\"@type\":\"SearchAction\",\"target\":{\"@type\":\"EntryPoint\",\"urlTemplate\":\"https:\\\/\\\/scammed.dk\\\/foraeldre\\\/?s={search_term_string}\"},\"query-input\":{\"@type\":\"PropertyValueSpecification\",\"valueRequired\":true,\"valueName\":\"search_term_string\"}}],\"inLanguage\":\"da-DK\"},{\"@type\":\"Organization\",\"@id\":\"https:\\\/\\\/scammed.dk\\\/foraeldre\\\/#organization\",\"name\":\"SCAMMED.dk\",\"url\":\"https:\\\/\\\/scammed.dk\\\/foraeldre\\\/\",\"logo\":{\"@type\":\"ImageObject\",\"inLanguage\":\"da-DK\",\"@id\":\"https:\\\/\\\/scammed.dk\\\/foraeldre\\\/#\\\/schema\\\/logo\\\/image\\\/\",\"url\":\"https:\\\/\\\/scammed.dk\\\/foraeldre\\\/wp-content\\\/uploads\\\/sites\\\/2\\\/2023\\\/02\\\/Asset-1scammed-logo-simple.png\",\"contentUrl\":\"https:\\\/\\\/scammed.dk\\\/foraeldre\\\/wp-content\\\/uploads\\\/sites\\\/2\\\/2023\\\/02\\\/Asset-1scammed-logo-simple.png\",\"width\":500,\"height\":500,\"caption\":\"SCAMMED.dk\"},\"image\":{\"@id\":\"https:\\\/\\\/scammed.dk\\\/foraeldre\\\/#\\\/schema\\\/logo\\\/image\\\/\"}}]}<\/script>\n<!-- \/ Yoast SEO plugin. -->","yoast_head_json":{"title":"Cookies - SCAMMED.dk for for\u00e6ldre","description":"L\u00e6s her om vores brug af cookies og hvordan vi indsamler data p\u00e5 Scammed.dk.","robots":{"index":"index","follow":"follow","max-snippet":"max-snippet:-1","max-image-preview":"max-image-preview:large","max-video-preview":"max-video-preview:-1"},"canonical":"https:\/\/scammed.dk\/foraeldre\/cookies\/","og_locale":"da_DK","og_type":"article","og_title":"Cookies - SCAMMED.dk for for\u00e6ldre","og_description":"L\u00e6s her om vores brug af cookies og hvordan vi indsamler data p\u00e5 Scammed.dk.","og_url":"https:\/\/scammed.dk\/foraeldre\/cookies\/","og_site_name":"SCAMMED.dk for for\u00e6ldre","article_modified_time":"2024-09-04T11:21:08+00:00","twitter_card":"summary_large_image","twitter_misc":{"Estimeret l\u00e6setid":"2 minutter"},"schema":{"@context":"https:\/\/schema.org","@graph":[{"@type":"WebPage","@id":"https:\/\/scammed.dk\/foraeldre\/cookies\/","url":"https:\/\/scammed.dk\/foraeldre\/cookies\/","name":"Cookies - SCAMMED.dk for for\u00e6ldre","isPartOf":{"@id":"https:\/\/scammed.dk\/foraeldre\/#website"},"datePublished":"2023-03-08T08:01:39+00:00","dateModified":"2024-09-04T11:21:08+00:00","description":"L\u00e6s her om vores brug af cookies og hvordan vi indsamler data p\u00e5 Scammed.dk.","breadcrumb":{"@id":"https:\/\/scammed.dk\/foraeldre\/cookies\/#breadcrumb"},"inLanguage":"da-DK","potentialAction":[{"@type":"ReadAction","target":["https:\/\/scammed.dk\/foraeldre\/cookies\/"]}]},{"@type":"BreadcrumbList","@id":"https:\/\/scammed.dk\/foraeldre\/cookies\/#breadcrumb","itemListElement":[{"@type":"ListItem","position":1,"name":"Hjem","item":"https:\/\/scammed.dk\/foraeldre\/"},{"@type":"ListItem","position":2,"name":"Cookies"}]},{"@type":"WebSite","@id":"https:\/\/scammed.dk\/foraeldre\/#website","url":"https:\/\/scammed.dk\/foraeldre\/","name":"SCAMMED.dk","description":"Alt du skal vide om gaming, trading og skins","publisher":{"@id":"https:\/\/scammed.dk\/foraeldre\/#organization"},"potentialAction":[{"@type":"SearchAction","target":{"@type":"EntryPoint","urlTemplate":"https:\/\/scammed.dk\/foraeldre\/?s={search_term_string}"},"query-input":{"@type":"PropertyValueSpecification","valueRequired":true,"valueName":"search_term_string"}}],"inLanguage":"da-DK"},{"@type":"Organization","@id":"https:\/\/scammed.dk\/foraeldre\/#organization","name":"SCAMMED.dk","url":"https:\/\/scammed.dk\/foraeldre\/","logo":{"@type":"ImageObject","inLanguage":"da-DK","@id":"https:\/\/scammed.dk\/foraeldre\/#\/schema\/logo\/image\/","url":"https:\/\/scammed.dk\/foraeldre\/wp-content\/uploads\/sites\/2\/2023\/02\/Asset-1scammed-logo-simple.png","contentUrl":"https:\/\/scammed.dk\/foraeldre\/wp-content\/uploads\/sites\/2\/2023\/02\/Asset-1scammed-logo-simple.png","width":500,"height":500,"caption":"SCAMMED.dk"},"image":{"@id":"https:\/\/scammed.dk\/foraeldre\/#\/schema\/logo\/image\/"}}]}},"_links":{"self":[{"href":"https:\/\/scammed.dk\/foraeldre\/wp-json\/wp\/v2\/pages\/672","targetHints":{"allow":["GET"]}}],"collection":[{"href":"https:\/\/scammed.dk\/foraeldre\/wp-json\/wp\/v2\/pages"}],"about":[{"href":"https:\/\/scammed.dk\/foraeldre\/wp-json\/wp\/v2\/types\/page"}],"author":[{"embeddable":true,"href":"https:\/\/scammed.dk\/foraeldre\/wp-json\/wp\/v2\/users\/12"}],"replies":[{"embeddable":true,"href":"https:\/\/scammed.dk\/foraeldre\/wp-json\/wp\/v2\/comments?post=672"}],"version-history":[{"count":0,"href":"https:\/\/scammed.dk\/foraeldre\/wp-json\/wp\/v2\/pages\/672\/revisions"}],"wp:attachment":[{"href":"https:\/\/scammed.dk\/foraeldre\/wp-json\/wp\/v2\/media?parent=672"}],"curies":[{"name":"wp","href":"https:\/\/api.w.org\/{rel}","templated":true}]}}