{"id":421,"date":"2023-02-22T08:47:53","date_gmt":"2023-02-22T07:47:53","guid":{"rendered":"https:\/\/scammed.dk\/foraeldre\/?page_id=421"},"modified":"2023-05-01T13:32:26","modified_gmt":"2023-05-01T11:32:26","slug":"er-du-nysgerrig-paa-dit-barns-spilvaner","status":"publish","type":"page","link":"https:\/\/scammed.dk\/foraeldre\/er-du-nysgerrig-paa-dit-barns-spilvaner\/","title":{"rendered":"Er du nysgerrig p\u00e5 hvordan dit barn gamer?"},"content":{"rendered":"","protected":false},"excerpt":{"rendered":"<p>Her kan du finde information om alt fra hvordan du taler med dit barn om gaming til centrale problematikker i gaming-verdenen<\/p>\n","protected":false},"author":12,"featured_media":376,"parent":0,"menu_order":4,"comment_status":"closed","ping_status":"closed","template":"","meta":{"_acf_changed":false,"inline_featured_image":false,"footnotes":""},"class_list":["post-421","page","type-page","status-publish","has-post-thumbnail","hentry"],"acf":[],"yoast_head":"<!-- This site is optimized with the Yoast SEO plugin v27.4 - https:\/\/yoast.com\/product\/yoast-seo-wordpress\/ -->\n<title>Er du nysgerrig p\u00e5 hvordan dit barn gamer? - SCAMMED.dk for for\u00e6ldre<\/title>\n<meta name=\"description\" content=\"B\u00f8r man som for\u00e6ldre interessere sig for gaming, hvis ens barn g\u00f8r? Her kan du finde tips til hvordan du snakker med dit barn omkring gaming.\" \/>\n<meta name=\"robots\" content=\"index, follow, max-snippet:-1, max-image-preview:large, max-video-preview:-1\" \/>\n<link rel=\"canonical\" href=\"https:\/\/scammed.dk\/foraeldre\/er-du-nysgerrig-paa-dit-barns-spilvaner\/\" \/>\n<meta property=\"og:locale\" content=\"da_DK\" \/>\n<meta property=\"og:type\" content=\"article\" \/>\n<meta property=\"og:title\" content=\"Er du nysgerrig p\u00e5 hvordan dit barn gamer? - SCAMMED.dk for for\u00e6ldre\" \/>\n<meta property=\"og:description\" content=\"B\u00f8r man som for\u00e6ldre interessere sig for gaming, hvis ens barn g\u00f8r? Her kan du finde tips til hvordan du snakker med dit barn omkring gaming.\" \/>\n<meta property=\"og:url\" content=\"https:\/\/scammed.dk\/foraeldre\/er-du-nysgerrig-paa-dit-barns-spilvaner\/\" \/>\n<meta property=\"og:site_name\" content=\"SCAMMED.dk for for\u00e6ldre\" \/>\n<meta property=\"article:modified_time\" content=\"2023-05-01T11:32:26+00:00\" \/>\n<meta property=\"og:image\" content=\"https:\/\/scammed.dk\/foraeldre\/wp-content\/uploads\/sites\/2\/2023\/02\/emily-wade-nVk581BTI_U-unsplash-min-scaled.jpg\" \/>\n\t<meta property=\"og:image:width\" content=\"2560\" \/>\n\t<meta property=\"og:image:height\" content=\"1707\" \/>\n\t<meta property=\"og:image:type\" content=\"image\/jpeg\" \/>\n<meta name=\"twitter:card\" content=\"summary_large_image\" \/>\n<script type=\"application\/ld+json\" class=\"yoast-schema-graph\">{\"@context\":\"https:\\\/\\\/schema.org\",\"@graph\":[{\"@type\":\"WebPage\",\"@id\":\"https:\\\/\\\/scammed.dk\\\/foraeldre\\\/er-du-nysgerrig-paa-dit-barns-spilvaner\\\/\",\"url\":\"https:\\\/\\\/scammed.dk\\\/foraeldre\\\/er-du-nysgerrig-paa-dit-barns-spilvaner\\\/\",\"name\":\"Er du nysgerrig p\u00e5 hvordan dit barn gamer? - SCAMMED.dk for for\u00e6ldre\",\"isPartOf\":{\"@id\":\"https:\\\/\\\/scammed.dk\\\/foraeldre\\\/#website\"},\"primaryImageOfPage\":{\"@id\":\"https:\\\/\\\/scammed.dk\\\/foraeldre\\\/er-du-nysgerrig-paa-dit-barns-spilvaner\\\/#primaryimage\"},\"image\":{\"@id\":\"https:\\\/\\\/scammed.dk\\\/foraeldre\\\/er-du-nysgerrig-paa-dit-barns-spilvaner\\\/#primaryimage\"},\"thumbnailUrl\":\"https:\\\/\\\/scammed.dk\\\/foraeldre\\\/wp-content\\\/uploads\\\/sites\\\/2\\\/2023\\\/02\\\/emily-wade-nVk581BTI_U-unsplash-min-scaled.jpg\",\"datePublished\":\"2023-02-22T07:47:53+00:00\",\"dateModified\":\"2023-05-01T11:32:26+00:00\",\"description\":\"B\u00f8r man som for\u00e6ldre interessere sig for gaming, hvis ens barn g\u00f8r? Her kan du finde tips til hvordan du snakker med dit barn omkring gaming.\",\"breadcrumb\":{\"@id\":\"https:\\\/\\\/scammed.dk\\\/foraeldre\\\/er-du-nysgerrig-paa-dit-barns-spilvaner\\\/#breadcrumb\"},\"inLanguage\":\"da-DK\",\"potentialAction\":[{\"@type\":\"ReadAction\",\"target\":[\"https:\\\/\\\/scammed.dk\\\/foraeldre\\\/er-du-nysgerrig-paa-dit-barns-spilvaner\\\/\"]}]},{\"@type\":\"ImageObject\",\"inLanguage\":\"da-DK\",\"@id\":\"https:\\\/\\\/scammed.dk\\\/foraeldre\\\/er-du-nysgerrig-paa-dit-barns-spilvaner\\\/#primaryimage\",\"url\":\"https:\\\/\\\/scammed.dk\\\/foraeldre\\\/wp-content\\\/uploads\\\/sites\\\/2\\\/2023\\\/02\\\/emily-wade-nVk581BTI_U-unsplash-min-scaled.jpg\",\"contentUrl\":\"https:\\\/\\\/scammed.dk\\\/foraeldre\\\/wp-content\\\/uploads\\\/sites\\\/2\\\/2023\\\/02\\\/emily-wade-nVk581BTI_U-unsplash-min-scaled.jpg\",\"width\":2560,\"height\":1707},{\"@type\":\"BreadcrumbList\",\"@id\":\"https:\\\/\\\/scammed.dk\\\/foraeldre\\\/er-du-nysgerrig-paa-dit-barns-spilvaner\\\/#breadcrumb\",\"itemListElement\":[{\"@type\":\"ListItem\",\"position\":1,\"name\":\"Hjem\",\"item\":\"https:\\\/\\\/scammed.dk\\\/foraeldre\\\/\"},{\"@type\":\"ListItem\",\"position\":2,\"name\":\"Er du nysgerrig p\u00e5 hvordan dit barn gamer?\"}]},{\"@type\":\"WebSite\",\"@id\":\"https:\\\/\\\/scammed.dk\\\/foraeldre\\\/#website\",\"url\":\"https:\\\/\\\/scammed.dk\\\/foraeldre\\\/\",\"name\":\"SCAMMED.dk\",\"description\":\"Alt du skal vide om gaming, trading og skins\",\"publisher\":{\"@id\":\"https:\\\/\\\/scammed.dk\\\/foraeldre\\\/#organization\"},\"potentialAction\":[{\"@type\":\"SearchAction\",\"target\":{\"@type\":\"EntryPoint\",\"urlTemplate\":\"https:\\\/\\\/scammed.dk\\\/foraeldre\\\/?s={search_term_string}\"},\"query-input\":{\"@type\":\"PropertyValueSpecification\",\"valueRequired\":true,\"valueName\":\"search_term_string\"}}],\"inLanguage\":\"da-DK\"},{\"@type\":\"Organization\",\"@id\":\"https:\\\/\\\/scammed.dk\\\/foraeldre\\\/#organization\",\"name\":\"SCAMMED.dk\",\"url\":\"https:\\\/\\\/scammed.dk\\\/foraeldre\\\/\",\"logo\":{\"@type\":\"ImageObject\",\"inLanguage\":\"da-DK\",\"@id\":\"https:\\\/\\\/scammed.dk\\\/foraeldre\\\/#\\\/schema\\\/logo\\\/image\\\/\",\"url\":\"https:\\\/\\\/scammed.dk\\\/foraeldre\\\/wp-content\\\/uploads\\\/sites\\\/2\\\/2023\\\/02\\\/Asset-1scammed-logo-simple.png\",\"contentUrl\":\"https:\\\/\\\/scammed.dk\\\/foraeldre\\\/wp-content\\\/uploads\\\/sites\\\/2\\\/2023\\\/02\\\/Asset-1scammed-logo-simple.png\",\"width\":500,\"height\":500,\"caption\":\"SCAMMED.dk\"},\"image\":{\"@id\":\"https:\\\/\\\/scammed.dk\\\/foraeldre\\\/#\\\/schema\\\/logo\\\/image\\\/\"}}]}<\/script>\n<!-- \/ Yoast SEO plugin. -->","yoast_head_json":{"title":"Er du nysgerrig p\u00e5 hvordan dit barn gamer? - SCAMMED.dk for for\u00e6ldre","description":"B\u00f8r man som for\u00e6ldre interessere sig for gaming, hvis ens barn g\u00f8r? Her kan du finde tips til hvordan du snakker med dit barn omkring gaming.","robots":{"index":"index","follow":"follow","max-snippet":"max-snippet:-1","max-image-preview":"max-image-preview:large","max-video-preview":"max-video-preview:-1"},"canonical":"https:\/\/scammed.dk\/foraeldre\/er-du-nysgerrig-paa-dit-barns-spilvaner\/","og_locale":"da_DK","og_type":"article","og_title":"Er du nysgerrig p\u00e5 hvordan dit barn gamer? - SCAMMED.dk for for\u00e6ldre","og_description":"B\u00f8r man som for\u00e6ldre interessere sig for gaming, hvis ens barn g\u00f8r? Her kan du finde tips til hvordan du snakker med dit barn omkring gaming.","og_url":"https:\/\/scammed.dk\/foraeldre\/er-du-nysgerrig-paa-dit-barns-spilvaner\/","og_site_name":"SCAMMED.dk for for\u00e6ldre","article_modified_time":"2023-05-01T11:32:26+00:00","og_image":[{"width":2560,"height":1707,"url":"https:\/\/scammed.dk\/foraeldre\/wp-content\/uploads\/sites\/2\/2023\/02\/emily-wade-nVk581BTI_U-unsplash-min-scaled.jpg","type":"image\/jpeg"}],"twitter_card":"summary_large_image","schema":{"@context":"https:\/\/schema.org","@graph":[{"@type":"WebPage","@id":"https:\/\/scammed.dk\/foraeldre\/er-du-nysgerrig-paa-dit-barns-spilvaner\/","url":"https:\/\/scammed.dk\/foraeldre\/er-du-nysgerrig-paa-dit-barns-spilvaner\/","name":"Er du nysgerrig p\u00e5 hvordan dit barn gamer? - SCAMMED.dk for for\u00e6ldre","isPartOf":{"@id":"https:\/\/scammed.dk\/foraeldre\/#website"},"primaryImageOfPage":{"@id":"https:\/\/scammed.dk\/foraeldre\/er-du-nysgerrig-paa-dit-barns-spilvaner\/#primaryimage"},"image":{"@id":"https:\/\/scammed.dk\/foraeldre\/er-du-nysgerrig-paa-dit-barns-spilvaner\/#primaryimage"},"thumbnailUrl":"https:\/\/scammed.dk\/foraeldre\/wp-content\/uploads\/sites\/2\/2023\/02\/emily-wade-nVk581BTI_U-unsplash-min-scaled.jpg","datePublished":"2023-02-22T07:47:53+00:00","dateModified":"2023-05-01T11:32:26+00:00","description":"B\u00f8r man som for\u00e6ldre interessere sig for gaming, hvis ens barn g\u00f8r? Her kan du finde tips til hvordan du snakker med dit barn omkring gaming.","breadcrumb":{"@id":"https:\/\/scammed.dk\/foraeldre\/er-du-nysgerrig-paa-dit-barns-spilvaner\/#breadcrumb"},"inLanguage":"da-DK","potentialAction":[{"@type":"ReadAction","target":["https:\/\/scammed.dk\/foraeldre\/er-du-nysgerrig-paa-dit-barns-spilvaner\/"]}]},{"@type":"ImageObject","inLanguage":"da-DK","@id":"https:\/\/scammed.dk\/foraeldre\/er-du-nysgerrig-paa-dit-barns-spilvaner\/#primaryimage","url":"https:\/\/scammed.dk\/foraeldre\/wp-content\/uploads\/sites\/2\/2023\/02\/emily-wade-nVk581BTI_U-unsplash-min-scaled.jpg","contentUrl":"https:\/\/scammed.dk\/foraeldre\/wp-content\/uploads\/sites\/2\/2023\/02\/emily-wade-nVk581BTI_U-unsplash-min-scaled.jpg","width":2560,"height":1707},{"@type":"BreadcrumbList","@id":"https:\/\/scammed.dk\/foraeldre\/er-du-nysgerrig-paa-dit-barns-spilvaner\/#breadcrumb","itemListElement":[{"@type":"ListItem","position":1,"name":"Hjem","item":"https:\/\/scammed.dk\/foraeldre\/"},{"@type":"ListItem","position":2,"name":"Er du nysgerrig p\u00e5 hvordan dit barn gamer?"}]},{"@type":"WebSite","@id":"https:\/\/scammed.dk\/foraeldre\/#website","url":"https:\/\/scammed.dk\/foraeldre\/","name":"SCAMMED.dk","description":"Alt du skal vide om gaming, trading og skins","publisher":{"@id":"https:\/\/scammed.dk\/foraeldre\/#organization"},"potentialAction":[{"@type":"SearchAction","target":{"@type":"EntryPoint","urlTemplate":"https:\/\/scammed.dk\/foraeldre\/?s={search_term_string}"},"query-input":{"@type":"PropertyValueSpecification","valueRequired":true,"valueName":"search_term_string"}}],"inLanguage":"da-DK"},{"@type":"Organization","@id":"https:\/\/scammed.dk\/foraeldre\/#organization","name":"SCAMMED.dk","url":"https:\/\/scammed.dk\/foraeldre\/","logo":{"@type":"ImageObject","inLanguage":"da-DK","@id":"https:\/\/scammed.dk\/foraeldre\/#\/schema\/logo\/image\/","url":"https:\/\/scammed.dk\/foraeldre\/wp-content\/uploads\/sites\/2\/2023\/02\/Asset-1scammed-logo-simple.png","contentUrl":"https:\/\/scammed.dk\/foraeldre\/wp-content\/uploads\/sites\/2\/2023\/02\/Asset-1scammed-logo-simple.png","width":500,"height":500,"caption":"SCAMMED.dk"},"image":{"@id":"https:\/\/scammed.dk\/foraeldre\/#\/schema\/logo\/image\/"}}]}},"_links":{"self":[{"href":"https:\/\/scammed.dk\/foraeldre\/wp-json\/wp\/v2\/pages\/421","targetHints":{"allow":["GET"]}}],"collection":[{"href":"https:\/\/scammed.dk\/foraeldre\/wp-json\/wp\/v2\/pages"}],"about":[{"href":"https:\/\/scammed.dk\/foraeldre\/wp-json\/wp\/v2\/types\/page"}],"author":[{"embeddable":true,"href":"https:\/\/scammed.dk\/foraeldre\/wp-json\/wp\/v2\/users\/12"}],"replies":[{"embeddable":true,"href":"https:\/\/scammed.dk\/foraeldre\/wp-json\/wp\/v2\/comments?post=421"}],"version-history":[{"count":0,"href":"https:\/\/scammed.dk\/foraeldre\/wp-json\/wp\/v2\/pages\/421\/revisions"}],"wp:featuredmedia":[{"embeddable":true,"href":"https:\/\/scammed.dk\/foraeldre\/wp-json\/wp\/v2\/media\/376"}],"wp:attachment":[{"href":"https:\/\/scammed.dk\/foraeldre\/wp-json\/wp\/v2\/media?parent=421"}],"curies":[{"name":"wp","href":"https:\/\/api.w.org\/{rel}","templated":true}]}}