{"id":236,"date":"2023-01-24T13:49:43","date_gmt":"2023-01-24T12:49:43","guid":{"rendered":"https:\/\/scammed.dk\/foraeldre\/?page_id=236"},"modified":"2023-08-15T14:31:57","modified_gmt":"2023-08-15T12:31:57","slug":"hjaelp-fra-vores-eksperter","status":"publish","type":"page","link":"https:\/\/scammed.dk\/foraeldre\/hjaelp-fra-vores-eksperter\/","title":{"rendered":"Hj\u00e6lp fra vores eksperter"},"content":{"rendered":"","protected":false},"excerpt":{"rendered":"<p>Her finder du dit skr\u00e6ddersyede svar samt udvalgt indhold, som passer til dine behov<\/p>\n","protected":false},"author":6,"featured_media":704,"parent":0,"menu_order":1,"comment_status":"closed","ping_status":"closed","template":"template-quiz-aggregate.php","meta":{"_acf_changed":false,"inline_featured_image":false,"footnotes":""},"class_list":["post-236","page","type-page","status-publish","has-post-thumbnail","hentry"],"acf":[],"yoast_head":"<!-- This site is optimized with the Yoast SEO plugin v27.5 - https:\/\/yoast.com\/product\/yoast-seo-wordpress\/ -->\n<title>Hj\u00e6lp fra vores eksperter - SCAMMED.dk for for\u00e6ldre<\/title>\n<meta name=\"description\" content=\"Baseret p\u00e5 vores test, kan du f\u00e5 skr\u00e6ddersyet indhold, som passer lige til dine behov for viden om gaming, trading, skins og scamming.\" \/>\n<meta name=\"robots\" content=\"index, follow, max-snippet:-1, max-image-preview:large, max-video-preview:-1\" \/>\n<link rel=\"canonical\" href=\"https:\/\/scammed.dk\/foraeldre\/hjaelp-fra-vores-eksperter\/\" \/>\n<meta property=\"og:locale\" content=\"da_DK\" \/>\n<meta property=\"og:type\" content=\"article\" \/>\n<meta property=\"og:title\" content=\"Hj\u00e6lp fra vores eksperter - SCAMMED.dk for for\u00e6ldre\" \/>\n<meta property=\"og:description\" content=\"Baseret p\u00e5 vores test, kan du f\u00e5 skr\u00e6ddersyet indhold, som passer lige til dine behov for viden om gaming, trading, skins og scamming.\" \/>\n<meta property=\"og:url\" content=\"https:\/\/scammed.dk\/foraeldre\/hjaelp-fra-vores-eksperter\/\" \/>\n<meta property=\"og:site_name\" content=\"SCAMMED.dk for for\u00e6ldre\" \/>\n<meta property=\"article:modified_time\" content=\"2023-08-15T12:31:57+00:00\" \/>\n<meta property=\"og:image\" content=\"https:\/\/scammed.dk\/foraeldre\/wp-content\/uploads\/sites\/2\/2023\/03\/alexander-sinn-7KyLHiDM770-unsplash-scaled.jpg\" \/>\n\t<meta property=\"og:image:width\" content=\"2560\" \/>\n\t<meta property=\"og:image:height\" content=\"1710\" \/>\n\t<meta property=\"og:image:type\" content=\"image\/jpeg\" \/>\n<meta name=\"twitter:card\" content=\"summary_large_image\" \/>\n<script type=\"application\/ld+json\" class=\"yoast-schema-graph\">{\"@context\":\"https:\\\/\\\/schema.org\",\"@graph\":[{\"@type\":\"WebPage\",\"@id\":\"https:\\\/\\\/scammed.dk\\\/foraeldre\\\/hjaelp-fra-vores-eksperter\\\/\",\"url\":\"https:\\\/\\\/scammed.dk\\\/foraeldre\\\/hjaelp-fra-vores-eksperter\\\/\",\"name\":\"Hj\u00e6lp fra vores eksperter - SCAMMED.dk for for\u00e6ldre\",\"isPartOf\":{\"@id\":\"https:\\\/\\\/scammed.dk\\\/foraeldre\\\/#website\"},\"primaryImageOfPage\":{\"@id\":\"https:\\\/\\\/scammed.dk\\\/foraeldre\\\/hjaelp-fra-vores-eksperter\\\/#primaryimage\"},\"image\":{\"@id\":\"https:\\\/\\\/scammed.dk\\\/foraeldre\\\/hjaelp-fra-vores-eksperter\\\/#primaryimage\"},\"thumbnailUrl\":\"https:\\\/\\\/scammed.dk\\\/foraeldre\\\/wp-content\\\/uploads\\\/sites\\\/2\\\/2023\\\/03\\\/alexander-sinn-7KyLHiDM770-unsplash-scaled.jpg\",\"datePublished\":\"2023-01-24T12:49:43+00:00\",\"dateModified\":\"2023-08-15T12:31:57+00:00\",\"description\":\"Baseret p\u00e5 vores test, kan du f\u00e5 skr\u00e6ddersyet indhold, som passer lige til dine behov for viden om gaming, trading, skins og scamming.\",\"breadcrumb\":{\"@id\":\"https:\\\/\\\/scammed.dk\\\/foraeldre\\\/hjaelp-fra-vores-eksperter\\\/#breadcrumb\"},\"inLanguage\":\"da-DK\",\"potentialAction\":[{\"@type\":\"ReadAction\",\"target\":[\"https:\\\/\\\/scammed.dk\\\/foraeldre\\\/hjaelp-fra-vores-eksperter\\\/\"]}]},{\"@type\":\"ImageObject\",\"inLanguage\":\"da-DK\",\"@id\":\"https:\\\/\\\/scammed.dk\\\/foraeldre\\\/hjaelp-fra-vores-eksperter\\\/#primaryimage\",\"url\":\"https:\\\/\\\/scammed.dk\\\/foraeldre\\\/wp-content\\\/uploads\\\/sites\\\/2\\\/2023\\\/03\\\/alexander-sinn-7KyLHiDM770-unsplash-scaled.jpg\",\"contentUrl\":\"https:\\\/\\\/scammed.dk\\\/foraeldre\\\/wp-content\\\/uploads\\\/sites\\\/2\\\/2023\\\/03\\\/alexander-sinn-7KyLHiDM770-unsplash-scaled.jpg\",\"width\":2560,\"height\":1710},{\"@type\":\"BreadcrumbList\",\"@id\":\"https:\\\/\\\/scammed.dk\\\/foraeldre\\\/hjaelp-fra-vores-eksperter\\\/#breadcrumb\",\"itemListElement\":[{\"@type\":\"ListItem\",\"position\":1,\"name\":\"Hjem\",\"item\":\"https:\\\/\\\/scammed.dk\\\/foraeldre\\\/\"},{\"@type\":\"ListItem\",\"position\":2,\"name\":\"Hj\u00e6lp fra vores eksperter\"}]},{\"@type\":\"WebSite\",\"@id\":\"https:\\\/\\\/scammed.dk\\\/foraeldre\\\/#website\",\"url\":\"https:\\\/\\\/scammed.dk\\\/foraeldre\\\/\",\"name\":\"SCAMMED.dk\",\"description\":\"Alt du skal vide om gaming, trading og skins\",\"publisher\":{\"@id\":\"https:\\\/\\\/scammed.dk\\\/foraeldre\\\/#organization\"},\"potentialAction\":[{\"@type\":\"SearchAction\",\"target\":{\"@type\":\"EntryPoint\",\"urlTemplate\":\"https:\\\/\\\/scammed.dk\\\/foraeldre\\\/?s={search_term_string}\"},\"query-input\":{\"@type\":\"PropertyValueSpecification\",\"valueRequired\":true,\"valueName\":\"search_term_string\"}}],\"inLanguage\":\"da-DK\"},{\"@type\":\"Organization\",\"@id\":\"https:\\\/\\\/scammed.dk\\\/foraeldre\\\/#organization\",\"name\":\"SCAMMED.dk\",\"url\":\"https:\\\/\\\/scammed.dk\\\/foraeldre\\\/\",\"logo\":{\"@type\":\"ImageObject\",\"inLanguage\":\"da-DK\",\"@id\":\"https:\\\/\\\/scammed.dk\\\/foraeldre\\\/#\\\/schema\\\/logo\\\/image\\\/\",\"url\":\"https:\\\/\\\/scammed.dk\\\/foraeldre\\\/wp-content\\\/uploads\\\/sites\\\/2\\\/2023\\\/02\\\/Asset-1scammed-logo-simple.png\",\"contentUrl\":\"https:\\\/\\\/scammed.dk\\\/foraeldre\\\/wp-content\\\/uploads\\\/sites\\\/2\\\/2023\\\/02\\\/Asset-1scammed-logo-simple.png\",\"width\":500,\"height\":500,\"caption\":\"SCAMMED.dk\"},\"image\":{\"@id\":\"https:\\\/\\\/scammed.dk\\\/foraeldre\\\/#\\\/schema\\\/logo\\\/image\\\/\"}}]}<\/script>\n<!-- \/ Yoast SEO plugin. -->","yoast_head_json":{"title":"Hj\u00e6lp fra vores eksperter - SCAMMED.dk for for\u00e6ldre","description":"Baseret p\u00e5 vores test, kan du f\u00e5 skr\u00e6ddersyet indhold, som passer lige til dine behov for viden om gaming, trading, skins og scamming.","robots":{"index":"index","follow":"follow","max-snippet":"max-snippet:-1","max-image-preview":"max-image-preview:large","max-video-preview":"max-video-preview:-1"},"canonical":"https:\/\/scammed.dk\/foraeldre\/hjaelp-fra-vores-eksperter\/","og_locale":"da_DK","og_type":"article","og_title":"Hj\u00e6lp fra vores eksperter - SCAMMED.dk for for\u00e6ldre","og_description":"Baseret p\u00e5 vores test, kan du f\u00e5 skr\u00e6ddersyet indhold, som passer lige til dine behov for viden om gaming, trading, skins og scamming.","og_url":"https:\/\/scammed.dk\/foraeldre\/hjaelp-fra-vores-eksperter\/","og_site_name":"SCAMMED.dk for for\u00e6ldre","article_modified_time":"2023-08-15T12:31:57+00:00","og_image":[{"width":2560,"height":1710,"url":"https:\/\/scammed.dk\/foraeldre\/wp-content\/uploads\/sites\/2\/2023\/03\/alexander-sinn-7KyLHiDM770-unsplash-scaled.jpg","type":"image\/jpeg"}],"twitter_card":"summary_large_image","schema":{"@context":"https:\/\/schema.org","@graph":[{"@type":"WebPage","@id":"https:\/\/scammed.dk\/foraeldre\/hjaelp-fra-vores-eksperter\/","url":"https:\/\/scammed.dk\/foraeldre\/hjaelp-fra-vores-eksperter\/","name":"Hj\u00e6lp fra vores eksperter - SCAMMED.dk for for\u00e6ldre","isPartOf":{"@id":"https:\/\/scammed.dk\/foraeldre\/#website"},"primaryImageOfPage":{"@id":"https:\/\/scammed.dk\/foraeldre\/hjaelp-fra-vores-eksperter\/#primaryimage"},"image":{"@id":"https:\/\/scammed.dk\/foraeldre\/hjaelp-fra-vores-eksperter\/#primaryimage"},"thumbnailUrl":"https:\/\/scammed.dk\/foraeldre\/wp-content\/uploads\/sites\/2\/2023\/03\/alexander-sinn-7KyLHiDM770-unsplash-scaled.jpg","datePublished":"2023-01-24T12:49:43+00:00","dateModified":"2023-08-15T12:31:57+00:00","description":"Baseret p\u00e5 vores test, kan du f\u00e5 skr\u00e6ddersyet indhold, som passer lige til dine behov for viden om gaming, trading, skins og scamming.","breadcrumb":{"@id":"https:\/\/scammed.dk\/foraeldre\/hjaelp-fra-vores-eksperter\/#breadcrumb"},"inLanguage":"da-DK","potentialAction":[{"@type":"ReadAction","target":["https:\/\/scammed.dk\/foraeldre\/hjaelp-fra-vores-eksperter\/"]}]},{"@type":"ImageObject","inLanguage":"da-DK","@id":"https:\/\/scammed.dk\/foraeldre\/hjaelp-fra-vores-eksperter\/#primaryimage","url":"https:\/\/scammed.dk\/foraeldre\/wp-content\/uploads\/sites\/2\/2023\/03\/alexander-sinn-7KyLHiDM770-unsplash-scaled.jpg","contentUrl":"https:\/\/scammed.dk\/foraeldre\/wp-content\/uploads\/sites\/2\/2023\/03\/alexander-sinn-7KyLHiDM770-unsplash-scaled.jpg","width":2560,"height":1710},{"@type":"BreadcrumbList","@id":"https:\/\/scammed.dk\/foraeldre\/hjaelp-fra-vores-eksperter\/#breadcrumb","itemListElement":[{"@type":"ListItem","position":1,"name":"Hjem","item":"https:\/\/scammed.dk\/foraeldre\/"},{"@type":"ListItem","position":2,"name":"Hj\u00e6lp fra vores eksperter"}]},{"@type":"WebSite","@id":"https:\/\/scammed.dk\/foraeldre\/#website","url":"https:\/\/scammed.dk\/foraeldre\/","name":"SCAMMED.dk","description":"Alt du skal vide om gaming, trading og skins","publisher":{"@id":"https:\/\/scammed.dk\/foraeldre\/#organization"},"potentialAction":[{"@type":"SearchAction","target":{"@type":"EntryPoint","urlTemplate":"https:\/\/scammed.dk\/foraeldre\/?s={search_term_string}"},"query-input":{"@type":"PropertyValueSpecification","valueRequired":true,"valueName":"search_term_string"}}],"inLanguage":"da-DK"},{"@type":"Organization","@id":"https:\/\/scammed.dk\/foraeldre\/#organization","name":"SCAMMED.dk","url":"https:\/\/scammed.dk\/foraeldre\/","logo":{"@type":"ImageObject","inLanguage":"da-DK","@id":"https:\/\/scammed.dk\/foraeldre\/#\/schema\/logo\/image\/","url":"https:\/\/scammed.dk\/foraeldre\/wp-content\/uploads\/sites\/2\/2023\/02\/Asset-1scammed-logo-simple.png","contentUrl":"https:\/\/scammed.dk\/foraeldre\/wp-content\/uploads\/sites\/2\/2023\/02\/Asset-1scammed-logo-simple.png","width":500,"height":500,"caption":"SCAMMED.dk"},"image":{"@id":"https:\/\/scammed.dk\/foraeldre\/#\/schema\/logo\/image\/"}}]}},"_links":{"self":[{"href":"https:\/\/scammed.dk\/foraeldre\/wp-json\/wp\/v2\/pages\/236","targetHints":{"allow":["GET"]}}],"collection":[{"href":"https:\/\/scammed.dk\/foraeldre\/wp-json\/wp\/v2\/pages"}],"about":[{"href":"https:\/\/scammed.dk\/foraeldre\/wp-json\/wp\/v2\/types\/page"}],"author":[{"embeddable":true,"href":"https:\/\/scammed.dk\/foraeldre\/wp-json\/wp\/v2\/users\/6"}],"replies":[{"embeddable":true,"href":"https:\/\/scammed.dk\/foraeldre\/wp-json\/wp\/v2\/comments?post=236"}],"version-history":[{"count":0,"href":"https:\/\/scammed.dk\/foraeldre\/wp-json\/wp\/v2\/pages\/236\/revisions"}],"wp:featuredmedia":[{"embeddable":true,"href":"https:\/\/scammed.dk\/foraeldre\/wp-json\/wp\/v2\/media\/704"}],"wp:attachment":[{"href":"https:\/\/scammed.dk\/foraeldre\/wp-json\/wp\/v2\/media?parent=236"}],"curies":[{"name":"wp","href":"https:\/\/api.w.org\/{rel}","templated":true}]}}