{"id":210,"date":"2023-01-04T10:31:42","date_gmt":"2023-01-04T09:31:42","guid":{"rendered":"https:\/\/scammed.dk\/foraeldre\/?page_id=210"},"modified":"2024-04-26T11:32:48","modified_gmt":"2024-04-26T09:32:48","slug":"forside","status":"publish","type":"page","link":"https:\/\/scammed.dk\/foraeldre\/","title":{"rendered":"Forside"},"content":{"rendered":"","protected":false},"excerpt":{"rendered":"<p>F\u00e5 hj\u00e6lp til at forst\u00e5 svindel i computerspil<\/p>\n","protected":false},"author":10,"featured_media":468,"parent":0,"menu_order":0,"comment_status":"closed","ping_status":"closed","template":"","meta":{"_acf_changed":false,"inline_featured_image":false,"footnotes":""},"class_list":["post-210","page","type-page","status-publish","has-post-thumbnail","hentry"],"acf":[],"yoast_head":"<!-- This site is optimized with the Yoast SEO plugin v27.4 - https:\/\/yoast.com\/product\/yoast-seo-wordpress\/ -->\n<title>Forside - SCAMMED.dk for for\u00e6ldre<\/title>\n<meta name=\"description\" content=\"Alt hvad du som for\u00e6lder skal vide om gaming, trading og skins.\" \/>\n<meta name=\"robots\" content=\"index, follow, max-snippet:-1, max-image-preview:large, max-video-preview:-1\" \/>\n<link rel=\"canonical\" href=\"https:\/\/scammed.dk\/foraeldre\/\" \/>\n<meta property=\"og:locale\" content=\"da_DK\" \/>\n<meta property=\"og:type\" content=\"article\" \/>\n<meta property=\"og:title\" content=\"Forside - SCAMMED.dk for for\u00e6ldre\" \/>\n<meta property=\"og:description\" content=\"Alt hvad du som for\u00e6lder skal vide om gaming, trading og skins.\" \/>\n<meta property=\"og:url\" content=\"https:\/\/scammed.dk\/foraeldre\/\" \/>\n<meta property=\"og:site_name\" content=\"SCAMMED.dk for for\u00e6ldre\" \/>\n<meta property=\"article:modified_time\" content=\"2024-04-26T09:32:48+00:00\" \/>\n<meta property=\"og:image\" content=\"https:\/\/scammed.dk\/foraeldre\/wp-content\/uploads\/sites\/2\/2023\/02\/enrique-guzman-egas-gSstgCAgd3U-unsplash-min-scaled.jpg\" \/>\n\t<meta property=\"og:image:width\" content=\"2560\" \/>\n\t<meta property=\"og:image:height\" content=\"1707\" \/>\n\t<meta property=\"og:image:type\" content=\"image\/jpeg\" \/>\n<meta name=\"twitter:card\" content=\"summary_large_image\" \/>\n<meta name=\"twitter:label1\" content=\"Estimeret l\u00e6setid\" \/>\n\t<meta name=\"twitter:data1\" content=\"2 minutter\" \/>\n<script type=\"application\/ld+json\" class=\"yoast-schema-graph\">{\"@context\":\"https:\\\/\\\/schema.org\",\"@graph\":[{\"@type\":\"WebPage\",\"@id\":\"https:\\\/\\\/scammed.dk\\\/foraeldre\\\/\",\"url\":\"https:\\\/\\\/scammed.dk\\\/foraeldre\\\/\",\"name\":\"Forside - SCAMMED.dk for for\u00e6ldre\",\"isPartOf\":{\"@id\":\"https:\\\/\\\/scammed.dk\\\/foraeldre\\\/#website\"},\"primaryImageOfPage\":{\"@id\":\"https:\\\/\\\/scammed.dk\\\/foraeldre\\\/#primaryimage\"},\"image\":{\"@id\":\"https:\\\/\\\/scammed.dk\\\/foraeldre\\\/#primaryimage\"},\"thumbnailUrl\":\"https:\\\/\\\/scammed.dk\\\/foraeldre\\\/wp-content\\\/uploads\\\/sites\\\/2\\\/2023\\\/02\\\/enrique-guzman-egas-gSstgCAgd3U-unsplash-min-scaled.jpg\",\"datePublished\":\"2023-01-04T09:31:42+00:00\",\"dateModified\":\"2024-04-26T09:32:48+00:00\",\"description\":\"Alt hvad du som for\u00e6lder skal vide om gaming, trading og skins.\",\"breadcrumb\":{\"@id\":\"https:\\\/\\\/scammed.dk\\\/foraeldre\\\/#breadcrumb\"},\"inLanguage\":\"da-DK\",\"potentialAction\":[{\"@type\":\"ReadAction\",\"target\":[\"https:\\\/\\\/scammed.dk\\\/foraeldre\\\/\"]}]},{\"@type\":\"ImageObject\",\"inLanguage\":\"da-DK\",\"@id\":\"https:\\\/\\\/scammed.dk\\\/foraeldre\\\/#primaryimage\",\"url\":\"https:\\\/\\\/scammed.dk\\\/foraeldre\\\/wp-content\\\/uploads\\\/sites\\\/2\\\/2023\\\/02\\\/enrique-guzman-egas-gSstgCAgd3U-unsplash-min-scaled.jpg\",\"contentUrl\":\"https:\\\/\\\/scammed.dk\\\/foraeldre\\\/wp-content\\\/uploads\\\/sites\\\/2\\\/2023\\\/02\\\/enrique-guzman-egas-gSstgCAgd3U-unsplash-min-scaled.jpg\",\"width\":2560,\"height\":1707,\"caption\":\"gaming controllers\"},{\"@type\":\"BreadcrumbList\",\"@id\":\"https:\\\/\\\/scammed.dk\\\/foraeldre\\\/#breadcrumb\",\"itemListElement\":[{\"@type\":\"ListItem\",\"position\":1,\"name\":\"Hjem\",\"item\":\"https:\\\/\\\/scammed.dk\\\/foraeldre\\\/\"},{\"@type\":\"ListItem\",\"position\":2,\"name\":\"Forside\"}]},{\"@type\":\"WebSite\",\"@id\":\"https:\\\/\\\/scammed.dk\\\/foraeldre\\\/#website\",\"url\":\"https:\\\/\\\/scammed.dk\\\/foraeldre\\\/\",\"name\":\"SCAMMED.dk\",\"description\":\"Alt du skal vide om gaming, trading og skins\",\"publisher\":{\"@id\":\"https:\\\/\\\/scammed.dk\\\/foraeldre\\\/#organization\"},\"potentialAction\":[{\"@type\":\"SearchAction\",\"target\":{\"@type\":\"EntryPoint\",\"urlTemplate\":\"https:\\\/\\\/scammed.dk\\\/foraeldre\\\/?s={search_term_string}\"},\"query-input\":{\"@type\":\"PropertyValueSpecification\",\"valueRequired\":true,\"valueName\":\"search_term_string\"}}],\"inLanguage\":\"da-DK\"},{\"@type\":\"Organization\",\"@id\":\"https:\\\/\\\/scammed.dk\\\/foraeldre\\\/#organization\",\"name\":\"SCAMMED.dk\",\"url\":\"https:\\\/\\\/scammed.dk\\\/foraeldre\\\/\",\"logo\":{\"@type\":\"ImageObject\",\"inLanguage\":\"da-DK\",\"@id\":\"https:\\\/\\\/scammed.dk\\\/foraeldre\\\/#\\\/schema\\\/logo\\\/image\\\/\",\"url\":\"https:\\\/\\\/scammed.dk\\\/foraeldre\\\/wp-content\\\/uploads\\\/sites\\\/2\\\/2023\\\/02\\\/Asset-1scammed-logo-simple.png\",\"contentUrl\":\"https:\\\/\\\/scammed.dk\\\/foraeldre\\\/wp-content\\\/uploads\\\/sites\\\/2\\\/2023\\\/02\\\/Asset-1scammed-logo-simple.png\",\"width\":500,\"height\":500,\"caption\":\"SCAMMED.dk\"},\"image\":{\"@id\":\"https:\\\/\\\/scammed.dk\\\/foraeldre\\\/#\\\/schema\\\/logo\\\/image\\\/\"}}]}<\/script>\n<!-- \/ Yoast SEO plugin. -->","yoast_head_json":{"title":"Forside - SCAMMED.dk for for\u00e6ldre","description":"Alt hvad du som for\u00e6lder skal vide om gaming, trading og skins.","robots":{"index":"index","follow":"follow","max-snippet":"max-snippet:-1","max-image-preview":"max-image-preview:large","max-video-preview":"max-video-preview:-1"},"canonical":"https:\/\/scammed.dk\/foraeldre\/","og_locale":"da_DK","og_type":"article","og_title":"Forside - SCAMMED.dk for for\u00e6ldre","og_description":"Alt hvad du som for\u00e6lder skal vide om gaming, trading og skins.","og_url":"https:\/\/scammed.dk\/foraeldre\/","og_site_name":"SCAMMED.dk for for\u00e6ldre","article_modified_time":"2024-04-26T09:32:48+00:00","og_image":[{"width":2560,"height":1707,"url":"https:\/\/scammed.dk\/foraeldre\/wp-content\/uploads\/sites\/2\/2023\/02\/enrique-guzman-egas-gSstgCAgd3U-unsplash-min-scaled.jpg","type":"image\/jpeg"}],"twitter_card":"summary_large_image","twitter_misc":{"Estimeret l\u00e6setid":"2 minutter"},"schema":{"@context":"https:\/\/schema.org","@graph":[{"@type":"WebPage","@id":"https:\/\/scammed.dk\/foraeldre\/","url":"https:\/\/scammed.dk\/foraeldre\/","name":"Forside - SCAMMED.dk for for\u00e6ldre","isPartOf":{"@id":"https:\/\/scammed.dk\/foraeldre\/#website"},"primaryImageOfPage":{"@id":"https:\/\/scammed.dk\/foraeldre\/#primaryimage"},"image":{"@id":"https:\/\/scammed.dk\/foraeldre\/#primaryimage"},"thumbnailUrl":"https:\/\/scammed.dk\/foraeldre\/wp-content\/uploads\/sites\/2\/2023\/02\/enrique-guzman-egas-gSstgCAgd3U-unsplash-min-scaled.jpg","datePublished":"2023-01-04T09:31:42+00:00","dateModified":"2024-04-26T09:32:48+00:00","description":"Alt hvad du som for\u00e6lder skal vide om gaming, trading og skins.","breadcrumb":{"@id":"https:\/\/scammed.dk\/foraeldre\/#breadcrumb"},"inLanguage":"da-DK","potentialAction":[{"@type":"ReadAction","target":["https:\/\/scammed.dk\/foraeldre\/"]}]},{"@type":"ImageObject","inLanguage":"da-DK","@id":"https:\/\/scammed.dk\/foraeldre\/#primaryimage","url":"https:\/\/scammed.dk\/foraeldre\/wp-content\/uploads\/sites\/2\/2023\/02\/enrique-guzman-egas-gSstgCAgd3U-unsplash-min-scaled.jpg","contentUrl":"https:\/\/scammed.dk\/foraeldre\/wp-content\/uploads\/sites\/2\/2023\/02\/enrique-guzman-egas-gSstgCAgd3U-unsplash-min-scaled.jpg","width":2560,"height":1707,"caption":"gaming controllers"},{"@type":"BreadcrumbList","@id":"https:\/\/scammed.dk\/foraeldre\/#breadcrumb","itemListElement":[{"@type":"ListItem","position":1,"name":"Hjem","item":"https:\/\/scammed.dk\/foraeldre\/"},{"@type":"ListItem","position":2,"name":"Forside"}]},{"@type":"WebSite","@id":"https:\/\/scammed.dk\/foraeldre\/#website","url":"https:\/\/scammed.dk\/foraeldre\/","name":"SCAMMED.dk","description":"Alt du skal vide om gaming, trading og skins","publisher":{"@id":"https:\/\/scammed.dk\/foraeldre\/#organization"},"potentialAction":[{"@type":"SearchAction","target":{"@type":"EntryPoint","urlTemplate":"https:\/\/scammed.dk\/foraeldre\/?s={search_term_string}"},"query-input":{"@type":"PropertyValueSpecification","valueRequired":true,"valueName":"search_term_string"}}],"inLanguage":"da-DK"},{"@type":"Organization","@id":"https:\/\/scammed.dk\/foraeldre\/#organization","name":"SCAMMED.dk","url":"https:\/\/scammed.dk\/foraeldre\/","logo":{"@type":"ImageObject","inLanguage":"da-DK","@id":"https:\/\/scammed.dk\/foraeldre\/#\/schema\/logo\/image\/","url":"https:\/\/scammed.dk\/foraeldre\/wp-content\/uploads\/sites\/2\/2023\/02\/Asset-1scammed-logo-simple.png","contentUrl":"https:\/\/scammed.dk\/foraeldre\/wp-content\/uploads\/sites\/2\/2023\/02\/Asset-1scammed-logo-simple.png","width":500,"height":500,"caption":"SCAMMED.dk"},"image":{"@id":"https:\/\/scammed.dk\/foraeldre\/#\/schema\/logo\/image\/"}}]}},"_links":{"self":[{"href":"https:\/\/scammed.dk\/foraeldre\/wp-json\/wp\/v2\/pages\/210","targetHints":{"allow":["GET"]}}],"collection":[{"href":"https:\/\/scammed.dk\/foraeldre\/wp-json\/wp\/v2\/pages"}],"about":[{"href":"https:\/\/scammed.dk\/foraeldre\/wp-json\/wp\/v2\/types\/page"}],"author":[{"embeddable":true,"href":"https:\/\/scammed.dk\/foraeldre\/wp-json\/wp\/v2\/users\/10"}],"replies":[{"embeddable":true,"href":"https:\/\/scammed.dk\/foraeldre\/wp-json\/wp\/v2\/comments?post=210"}],"version-history":[{"count":0,"href":"https:\/\/scammed.dk\/foraeldre\/wp-json\/wp\/v2\/pages\/210\/revisions"}],"wp:featuredmedia":[{"embeddable":true,"href":"https:\/\/scammed.dk\/foraeldre\/wp-json\/wp\/v2\/media\/468"}],"wp:attachment":[{"href":"https:\/\/scammed.dk\/foraeldre\/wp-json\/wp\/v2\/media?parent=210"}],"curies":[{"name":"wp","href":"https:\/\/api.w.org\/{rel}","templated":true}]}}